{"id":318,"date":"2026-01-09T11:39:35","date_gmt":"2026-01-09T11:39:35","guid":{"rendered":"https:\/\/preppoint.pixelverkstan.se\/?page_id=318"},"modified":"2026-01-10T12:59:49","modified_gmt":"2026-01-10T12:59:49","slug":"kontakt","status":"publish","type":"page","link":"https:\/\/ppdev.pixelverkstan.se\/index.php\/kontakt\/","title":{"rendered":"Kontakt"},"content":{"rendered":"<style>.kb-row-layout-wrap.wp-block-kadence-rowlayout.kb-row-layout-id318_b6a427-95{margin-top:0px;margin-bottom:0px;}.kb-row-layout-id318_b6a427-95 > .kt-row-column-wrap{align-content:start;}:where(.kb-row-layout-id318_b6a427-95 > .kt-row-column-wrap) > .wp-block-kadence-column{justify-content:start;}.kb-row-layout-id318_b6a427-95 > .kt-row-column-wrap{column-gap:var(--global-kb-gap-none, 0rem );row-gap:var(--global-kb-gap-md, 2rem);max-width:var( --global-content-width, 1290px );padding-left:var(--global-content-edge-padding);padding-right:var(--global-content-edge-padding);padding-top:350px;padding-bottom:100px;grid-template-columns:minmax(0, 2fr) minmax(0, 1fr);}.kb-row-layout-id318_b6a427-95{background-image:url('https:\/\/ppdev.pixelverkstan.se\/wp-content\/uploads\/2026\/01\/Stadslandskap-scaled.jpg');background-size:cover;background-position:50% 42%;background-attachment:scroll;background-repeat:no-repeat;}.kb-row-layout-id318_b6a427-95 > .kt-row-layout-overlay{opacity:0.85;background-color:var(--global-palette1, #3182CE);}.kb-row-layout-id318_b6a427-95 .kt-row-layout-bottom-sep{height:30px;}.kb-row-layout-id318_b6a427-95 .kt-row-layout-bottom-sep svg{width:100%;}.kb-row-layout-id318_b6a427-95 .kt-row-layout-bottom-sep svg{fill:#ffffff!important;}@media all and (max-width: 1024px){.kb-row-layout-id318_b6a427-95 > .kt-row-column-wrap{padding-top:var(--global-kb-spacing-4xl, 8rem);padding-bottom:var(--global-kb-spacing-md, 2rem);grid-template-columns:minmax(0, 2fr) minmax(0, 1fr);}}@media all and (max-width: 1024px){.kb-row-layout-id318_b6a427-95 .kt-row-layout-bottom-sep{height:px;}}@media all and (max-width: 1024px){.kb-row-layout-id318_b6a427-95 .kt-row-layout-bottom-sep svg{width:%;}}@media all and (max-width: 767px){.kb-row-layout-id318_b6a427-95 > .kt-row-column-wrap{grid-template-columns:minmax(0, 1fr);}.kb-row-layout-id318_b6a427-95 .kt-row-layout-bottom-sep{height:px;}.kb-row-layout-id318_b6a427-95 .kt-row-layout-bottom-sep svg{width:%;}}<\/style><div class=\"kb-row-layout-wrap kb-row-layout-id318_b6a427-95 alignfull kt-row-has-bg wp-block-kadence-rowlayout\"><div class=\"kt-row-layout-overlay kt-row-overlay-normal\"><\/div><div class=\"kt-row-layout-bottom-sep kt-row-sep-type-crvi\"><svg viewBox=\"0 0 1000 100\" preserveAspectRatio=\"none\"><path d=\"M1000,0c0,0 -270.987,98 -500,98c-229.013,0 -500,-98 -500,-98l0,100l1000,0l0,-100Z\" \/><\/svg><\/div><div class=\"kt-row-column-wrap kt-has-2-columns kt-row-layout-left-golden kt-tab-layout-inherit kt-mobile-layout-row kt-row-valign-top kb-theme-content-width\">\n<style>.kadence-column318_354643-3c > .kt-inside-inner-col,.kadence-column318_354643-3c > .kt-inside-inner-col:before{border-top-left-radius:0px;border-top-right-radius:0px;border-bottom-right-radius:0px;border-bottom-left-radius:0px;}.kadence-column318_354643-3c > .kt-inside-inner-col{column-gap:var(--global-kb-gap-sm, 1rem);}.kadence-column318_354643-3c > .kt-inside-inner-col{flex-direction:column;}.kadence-column318_354643-3c > .kt-inside-inner-col > .aligncenter{width:100%;}.kadence-column318_354643-3c > .kt-inside-inner-col:before{opacity:0.3;}.kadence-column318_354643-3c{position:relative;}@media all and (max-width: 1024px){.kadence-column318_354643-3c > .kt-inside-inner-col{flex-direction:column;justify-content:center;}}@media all and (max-width: 767px){.kadence-column318_354643-3c > .kt-inside-inner-col{flex-direction:column;justify-content:center;}}<\/style>\n<div class=\"wp-block-kadence-column kadence-column318_354643-3c inner-column-1\"><div class=\"kt-inside-inner-col\"><style>.wp-block-kadence-advancedheading.kt-adv-heading318_8da574-fb, .wp-block-kadence-advancedheading.kt-adv-heading318_8da574-fb[data-kb-block=\"kb-adv-heading318_8da574-fb\"]{font-size:80px;line-height:1.1;font-style:normal;letter-spacing:-2px;}.wp-block-kadence-advancedheading.kt-adv-heading318_8da574-fb mark.kt-highlight, .wp-block-kadence-advancedheading.kt-adv-heading318_8da574-fb[data-kb-block=\"kb-adv-heading318_8da574-fb\"] mark.kt-highlight{font-style:normal;color:#f76a0c;-webkit-box-decoration-break:clone;box-decoration-break:clone;padding-top:0px;padding-right:0px;padding-bottom:0px;padding-left:0px;}@media all and (max-width: 1024px){.wp-block-kadence-advancedheading.kt-adv-heading318_8da574-fb, .wp-block-kadence-advancedheading.kt-adv-heading318_8da574-fb[data-kb-block=\"kb-adv-heading318_8da574-fb\"]{letter-spacing:-1px;font-size:var(--global-kb-font-size-xxl, 4rem);line-height:1.3;}}@media all and (max-width: 767px){.wp-block-kadence-advancedheading.kt-adv-heading318_8da574-fb, .wp-block-kadence-advancedheading.kt-adv-heading318_8da574-fb[data-kb-block=\"kb-adv-heading318_8da574-fb\"]{font-size:45px;}}<\/style>\n<h1 class=\"kt-adv-heading318_8da574-fb wp-block-kadence-advancedheading has-theme-palette-9-color has-text-color\" data-kb-block=\"kb-adv-heading318_8da574-fb\">Kontakt<\/h1>\n<\/div><\/div>\n\n\n<style>.kadence-column318_8fd5de-41 > .kt-inside-inner-col,.kadence-column318_8fd5de-41 > .kt-inside-inner-col:before{border-top-left-radius:0px;border-top-right-radius:0px;border-bottom-right-radius:0px;border-bottom-left-radius:0px;}.kadence-column318_8fd5de-41 > .kt-inside-inner-col{column-gap:var(--global-kb-gap-sm, 1rem);}.kadence-column318_8fd5de-41 > .kt-inside-inner-col{flex-direction:column;}.kadence-column318_8fd5de-41 > .kt-inside-inner-col > .aligncenter{width:100%;}.kadence-column318_8fd5de-41 > .kt-inside-inner-col:before{opacity:0.3;}.kadence-column318_8fd5de-41{position:relative;}@media all and (max-width: 1024px){.kadence-column318_8fd5de-41 > .kt-inside-inner-col{flex-direction:column;justify-content:center;}}@media all and (max-width: 767px){.kadence-column318_8fd5de-41 > .kt-inside-inner-col{flex-direction:column;justify-content:center;}}<\/style>\n<div class=\"wp-block-kadence-column kadence-column318_8fd5de-41 inner-column-2\"><div class=\"kt-inside-inner-col\"><\/div><\/div>\n\n<\/div><\/div>\n\n<style>.kb-row-layout-id318_f27d86-91 > .kt-row-column-wrap{align-content:start;}:where(.kb-row-layout-id318_f27d86-91 > .kt-row-column-wrap) > .wp-block-kadence-column{justify-content:start;}.kb-row-layout-id318_f27d86-91 > .kt-row-column-wrap{column-gap:var(--global-kb-gap-lg, 4rem);row-gap:var(--global-kb-gap-md, 2rem);max-width:var( --global-content-width, 1290px );padding-left:var(--global-content-edge-padding);padding-right:var(--global-content-edge-padding);padding-top:var(--global-kb-spacing-xxl, 5rem);padding-bottom:var(--global-kb-spacing-xxl, 5rem);}.kb-row-layout-id318_f27d86-91 > .kt-row-column-wrap > *:nth-child(3n+1 of *:not(style)){grid-column:1 \/ -1;}.kb-row-layout-id318_f27d86-91 > .kt-row-column-wrap{grid-template-columns:repeat(2, minmax(0, 1fr));}.kb-row-layout-id318_f27d86-91 > .kt-row-layout-overlay{opacity:0.30;}@media all and (max-width: 1024px){.kb-row-layout-id318_f27d86-91 > .kt-row-column-wrap > *:nth-child(3n+1 of *:not(style)){grid-column:1 \/ -1;}}@media all and (max-width: 1024px){.kb-row-layout-id318_f27d86-91 > .kt-row-column-wrap{grid-template-columns:repeat(2, minmax(0, 1fr));}}@media all and (max-width: 767px){.kb-row-layout-id318_f27d86-91 > .kt-row-column-wrap > div:not(.added-for-specificity){grid-column:initial;}.kb-row-layout-id318_f27d86-91 > .kt-row-column-wrap{grid-template-columns:minmax(0, 1fr);}}<\/style><div class=\"kb-row-layout-wrap kb-row-layout-id318_f27d86-91 alignfull has-theme-palette9-background-color kt-row-has-bg wp-block-kadence-rowlayout\"><div class=\"kt-row-column-wrap kt-has-3-columns kt-row-layout-first-row kt-tab-layout-inherit kt-mobile-layout-row kt-row-valign-top kb-theme-content-width\">\n<style>.kadence-column318_573212-d0 > .kt-inside-inner-col,.kadence-column318_573212-d0 > .kt-inside-inner-col:before{border-top-left-radius:0px;border-top-right-radius:0px;border-bottom-right-radius:0px;border-bottom-left-radius:0px;}.kadence-column318_573212-d0 > .kt-inside-inner-col{column-gap:var(--global-kb-gap-sm, 1rem);}.kadence-column318_573212-d0 > .kt-inside-inner-col{flex-direction:column;}.kadence-column318_573212-d0 > .kt-inside-inner-col > .aligncenter{width:100%;}.kadence-column318_573212-d0 > .kt-inside-inner-col:before{opacity:0.3;}.kadence-column318_573212-d0{position:relative;}@media all and (max-width: 1024px){.kadence-column318_573212-d0 > .kt-inside-inner-col{flex-direction:column;justify-content:center;}}@media all and (max-width: 767px){.kadence-column318_573212-d0 > .kt-inside-inner-col{flex-direction:column;justify-content:center;}}<\/style>\n<div class=\"wp-block-kadence-column kadence-column318_573212-d0\"><div class=\"kt-inside-inner-col\"><\/div><\/div>\n\n\n<style>.kadence-column318_ab4918-46 > .kt-inside-inner-col,.kadence-column318_ab4918-46 > .kt-inside-inner-col:before{border-top-left-radius:0px;border-top-right-radius:0px;border-bottom-right-radius:0px;border-bottom-left-radius:0px;}.kadence-column318_ab4918-46 > .kt-inside-inner-col{column-gap:var(--global-kb-gap-sm, 1rem);}.kadence-column318_ab4918-46 > .kt-inside-inner-col{flex-direction:column;}.kadence-column318_ab4918-46 > .kt-inside-inner-col > .aligncenter{width:100%;}.kadence-column318_ab4918-46 > .kt-inside-inner-col:before{opacity:0.3;}.kadence-column318_ab4918-46{position:relative;}@media all and (max-width: 1024px){.kadence-column318_ab4918-46 > .kt-inside-inner-col{flex-direction:column;justify-content:center;}}@media all and (max-width: 767px){.kadence-column318_ab4918-46 > .kt-inside-inner-col{flex-direction:column;justify-content:center;}}<\/style>\n<div class=\"wp-block-kadence-column kadence-column318_ab4918-46\"><div class=\"kt-inside-inner-col\"><style>.wp-block-kadence-advancedheading.kt-adv-heading318_49c208-3b, .wp-block-kadence-advancedheading.kt-adv-heading318_49c208-3b[data-kb-block=\"kb-adv-heading318_49c208-3b\"]{margin-top:0px;margin-bottom:var(--global-kb-spacing-xs, 1rem);font-size:var(--global-kb-font-size-md, 1.25rem);line-height:1;font-style:normal;}.wp-block-kadence-advancedheading.kt-adv-heading318_49c208-3b mark.kt-highlight, .wp-block-kadence-advancedheading.kt-adv-heading318_49c208-3b[data-kb-block=\"kb-adv-heading318_49c208-3b\"] mark.kt-highlight{font-style:normal;color:#f76a0c;-webkit-box-decoration-break:clone;box-decoration-break:clone;padding-top:0px;padding-right:0px;padding-bottom:0px;padding-left:0px;}<\/style>\n<h2 class=\"kt-adv-heading318_49c208-3b wp-block-kadence-advancedheading has-theme-palette-3-color has-text-color\" data-kb-block=\"kb-adv-heading318_49c208-3b\">Har ni fr\u00e5gor om beredskap, CER-krav eller hur ett l\u00e5ngsiktigt arbete kan se ut i praktiken?<\/h2>\n\n\n<style>.wp-block-kadence-advancedheading.kt-adv-heading318_1c2402-5b, .wp-block-kadence-advancedheading.kt-adv-heading318_1c2402-5b[data-kb-block=\"kb-adv-heading318_1c2402-5b\"]{margin-bottom:var(--global-kb-spacing-xs, 1rem);font-weight:normal;font-style:normal;}.wp-block-kadence-advancedheading.kt-adv-heading318_1c2402-5b mark.kt-highlight, .wp-block-kadence-advancedheading.kt-adv-heading318_1c2402-5b[data-kb-block=\"kb-adv-heading318_1c2402-5b\"] mark.kt-highlight{font-weight:normal;font-style:normal;color:#f76a0c;-webkit-box-decoration-break:clone;box-decoration-break:clone;padding-top:0px;padding-right:0px;padding-bottom:0px;padding-left:0px;}<\/style>\n<p class=\"kt-adv-heading318_1c2402-5b wp-block-kadence-advancedheading has-theme-palette-4-color has-text-color\" data-kb-block=\"kb-adv-heading318_1c2402-5b\">Ni \u00e4r v\u00e4lkomna att h\u00f6ra av er \u2013 oavsett om ni \u00e4r i ett tidigt skede eller redan har p\u00e5b\u00f6rjat ert beredskapsarbete. Ett f\u00f6rsta samtal \u00e4r alltid f\u00f6ruts\u00e4ttningsl\u00f6st. Vi svarar i regeln inom 24 timmar.<\/p>\n\n\n<style>.wp-block-kadence-advancedheading.kt-adv-heading318_3024d4-b9, .wp-block-kadence-advancedheading.kt-adv-heading318_3024d4-b9[data-kb-block=\"kb-adv-heading318_3024d4-b9\"]{margin-bottom:0px;line-height:1.6;font-style:normal;}.wp-block-kadence-advancedheading.kt-adv-heading318_3024d4-b9 mark.kt-highlight, .wp-block-kadence-advancedheading.kt-adv-heading318_3024d4-b9[data-kb-block=\"kb-adv-heading318_3024d4-b9\"] mark.kt-highlight{font-style:normal;color:#f76a0c;-webkit-box-decoration-break:clone;box-decoration-break:clone;padding-top:0px;padding-right:0px;padding-bottom:0px;padding-left:0px;}<\/style>\n<p class=\"kt-adv-heading318_3024d4-b9 wp-block-kadence-advancedheading has-theme-palette-4-color has-text-color\" data-kb-block=\"kb-adv-heading318_3024d4-b9\"><strong>Allm\u00e4nna fr\u00e5gor<\/strong><br><br><a href=\"mailto:info@preppoint.se\">info@preppoint.se<\/a><\/p>\n\n\n<style>.wp-block-kadence-spacer.kt-block-spacer-318_c53e46-5d .kt-block-spacer{height:20px;}.wp-block-kadence-spacer.kt-block-spacer-318_c53e46-5d .kt-divider{border-top-width:1px;height:1px;border-top-color:var(--global-palette7, #EDF2F7);width:100%;border-top-style:solid;}<\/style>\n<div class=\"wp-block-kadence-spacer aligncenter kt-block-spacer-318_c53e46-5d\"><div class=\"kt-block-spacer kt-block-spacer-halign-center\"><\/div><\/div>\n\n\n<style>.wp-block-kadence-advancedheading.kt-adv-heading318_aa9049-b5, .wp-block-kadence-advancedheading.kt-adv-heading318_aa9049-b5[data-kb-block=\"kb-adv-heading318_aa9049-b5\"]{margin-bottom:0px;line-height:1.6;font-style:normal;}.wp-block-kadence-advancedheading.kt-adv-heading318_aa9049-b5 mark.kt-highlight, .wp-block-kadence-advancedheading.kt-adv-heading318_aa9049-b5[data-kb-block=\"kb-adv-heading318_aa9049-b5\"] mark.kt-highlight{font-style:normal;color:#f76a0c;-webkit-box-decoration-break:clone;box-decoration-break:clone;padding-top:0px;padding-right:0px;padding-bottom:0px;padding-left:0px;}<\/style>\n<p class=\"kt-adv-heading318_aa9049-b5 wp-block-kadence-advancedheading has-theme-palette-4-color has-text-color\" data-kb-block=\"kb-adv-heading318_aa9049-b5\"><strong>Postadress<\/strong><br><br>\u00c5lands-V\u00e4sterby 343<br>755 77 V\u00e4nge<br><\/p>\n\n\n<style>.wp-block-kadence-spacer.kt-block-spacer-318_7c6f73-14 .kt-block-spacer{height:20px;}.wp-block-kadence-spacer.kt-block-spacer-318_7c6f73-14 .kt-divider{border-top-width:1px;height:1px;border-top-color:var(--global-palette7, #EDF2F7);width:100%;border-top-style:solid;}<\/style>\n<div class=\"wp-block-kadence-spacer aligncenter kt-block-spacer-318_7c6f73-14\"><div class=\"kt-block-spacer kt-block-spacer-halign-center\"><\/div><\/div>\n\n\n<style>.wp-block-kadence-advancedheading.kt-adv-heading318_ce4b30-65, .wp-block-kadence-advancedheading.kt-adv-heading318_ce4b30-65[data-kb-block=\"kb-adv-heading318_ce4b30-65\"]{margin-bottom:0px;line-height:1.6;font-style:normal;}.wp-block-kadence-advancedheading.kt-adv-heading318_ce4b30-65 mark.kt-highlight, .wp-block-kadence-advancedheading.kt-adv-heading318_ce4b30-65[data-kb-block=\"kb-adv-heading318_ce4b30-65\"] mark.kt-highlight{font-style:normal;color:#f76a0c;-webkit-box-decoration-break:clone;box-decoration-break:clone;padding-top:0px;padding-right:0px;padding-bottom:0px;padding-left:0px;}<\/style>\n<p class=\"kt-adv-heading318_ce4b30-65 wp-block-kadence-advancedheading has-theme-palette-4-color has-text-color\" data-kb-block=\"kb-adv-heading318_ce4b30-65\"><strong>Aff\u00e4rsf\u00f6rfr\u00e5gningar<\/strong><br><br>Heikki Syrj\u00e4palo<br><a href=\"mailto:heikki.syrjapalo@preppoint.se\">heikki.syrjapalo@preppoint.se<\/a><\/p>\n<\/div><\/div>\n\n\n<style>.kadence-column318_08eeb6-c4 > .kt-inside-inner-col{padding-top:var(--global-kb-spacing-sm, 1.5rem);padding-right:var(--global-kb-spacing-sm, 1.5rem);padding-bottom:var(--global-kb-spacing-sm, 1.5rem);padding-left:var(--global-kb-spacing-sm, 1.5rem);}.kadence-column318_08eeb6-c4 > .kt-inside-inner-col{box-shadow:0px 0px 20px 0px rgba(0, 0, 0, 0.2);}.kadence-column318_08eeb6-c4 > .kt-inside-inner-col,.kadence-column318_08eeb6-c4 > .kt-inside-inner-col:before{border-top-left-radius:0px;border-top-right-radius:0px;border-bottom-right-radius:0px;border-bottom-left-radius:0px;}.kadence-column318_08eeb6-c4 > .kt-inside-inner-col{column-gap:var(--global-kb-gap-sm, 1rem);}.kadence-column318_08eeb6-c4 > .kt-inside-inner-col{flex-direction:column;}.kadence-column318_08eeb6-c4 > .kt-inside-inner-col > .aligncenter{width:100%;}.kadence-column318_08eeb6-c4 > .kt-inside-inner-col{background-color:var(--global-palette9, #ffffff);}.kadence-column318_08eeb6-c4 > .kt-inside-inner-col:before{opacity:0.3;}.kadence-column318_08eeb6-c4{position:relative;}.kadence-column318_08eeb6-c4, .kt-inside-inner-col > .kadence-column318_08eeb6-c4:not(.specificity){margin-top:var(--global-kb-spacing-xs, 1rem);margin-right:var(--global-kb-spacing-xs, 1rem);margin-bottom:var(--global-kb-spacing-xs, 1rem);margin-left:var(--global-kb-spacing-xs, 1rem);}@media all and (max-width: 1024px){.kadence-column318_08eeb6-c4 > .kt-inside-inner-col{flex-direction:column;justify-content:center;}}@media all and (max-width: 767px){.kadence-column318_08eeb6-c4 > .kt-inside-inner-col{flex-direction:column;justify-content:center;}}<\/style>\n<div class=\"wp-block-kadence-column kadence-column318_08eeb6-c4\"><div class=\"kt-inside-inner-col\"><style>.kadence-form-318_897a09-bd .kb-form .kadence-blocks-form-field .kb-forms-submit{text-transform:uppercase;font-family:DM Sans;font-style:normal;font-weight:400;}.kb-form input.kadence-blocks-field.verify{opacity:0.0;position:absolute;top:0.0;left:0.0;width:0.0;height:0.0;z-index:-1;}<\/style>\n<div class=\"wp-block-kadence-form kadence-form-318_897a09-bd kb-form-wrap\"><form class=\"kb-form\" action=\"\" method=\"post\"><div class=\"kadence-blocks-form-field kb-field-desk-width-50 kb-field-mobile-width-100 kb-input-size-standard\"><label for=\"kb_field_318_897a09-bd_0\">F\u00f6rnamn<\/label><input name=\"kb_field_0\" id=\"kb_field_318_897a09-bd_0\" data-label=\"F\u00f6rnamn\" type=\"text\" placeholder=\"F\u00f6rnamn\" value=\"\" data-type=\"text\" class=\"kb-field kb-text-style-field kb-text-field kb-field-0\"\/><\/div><div class=\"kadence-blocks-form-field kb-form-field-1 kb-field-desk-width-50 kb-field-mobile-width-100 kb-input-size-standard\"><label for=\"kb_field_318_897a09-bd_1\">Efternamn<\/label><input name=\"kb_field_1\" id=\"kb_field_318_897a09-bd_1\" data-label=\"Efternamn\" type=\"text\" placeholder=\"Efternamn\" value=\"\" data-type=\"text\" class=\"kb-field kb-text-style-field kb-text-field kb-field-1\"\/><\/div><div class=\"kadence-blocks-form-field kb-form-field-2 kb-field-desk-width-100 kb-input-size-standard\"><label for=\"kb_field_318_897a09-bd_2\">Epost<span class=\"required\">*<\/span><\/label><input name=\"kb_field_2\" id=\"kb_field_318_897a09-bd_2\" data-label=\"Epost\" type=\"email\" placeholder=\"Epostadress\" value=\"\" data-type=\"email\" class=\"kb-field kb-text-style-field kb-email-field kb-field-2\" data-required=\"yes\"\/><\/div><div class=\"kadence-blocks-form-field kb-form-field-3 kb-field-desk-width-100 kb-input-size-standard\"><label for=\"kb_field_318_897a09-bd_3\">\u00c4mne<\/label><input name=\"kb_field_3\" id=\"kb_field_318_897a09-bd_3\" data-label=\"\u00c4mne\" type=\"text\" placeholder=\"\u00c4mne\" value=\"\" data-type=\"text\" class=\"kb-field kb-text-style-field kb-text-field kb-field-3\"\/><\/div><div class=\"kadence-blocks-form-field kb-form-field-4 kb-field-desk-width-100 kb-input-size-standard\"><label for=\"kb_field_318_897a09-bd_4\">Meddelande<span class=\"required\">*<\/span><\/label><textarea name=\"kb_field_4\" id=\"kb_field_318_897a09-bd_4\" data-label=\"Meddelande\" type=\"textarea\" placeholder=\"Ditt meddelande\" data-type=\"textarea\" class=\"kb-field kb-text-style-field kb-textarea-field kb-field-4\" rows=\"4\" data-required=\"yes\"><\/textarea><\/div><input type=\"hidden\" name=\"_kb_form_id\" value=\"318_897a09-bd\"\/><input type=\"hidden\" name=\"_kb_form_post_id\" value=\"318\"\/><input type=\"hidden\" name=\"action\" value=\"kb_process_ajax_submit\"\/><label class=\"kadence-verify-label\">Email<input class=\"kadence-blocks-field verify\" type=\"text\" name=\"_kb_verify_email\" autocomplete=\"new-password\" aria-hidden=\"true\" placeholder=\"Email\" tabindex=\"-1\" data-1p-ignore=\"true\" data-lpignore=\"true\" \/><\/label><div class=\"kadence-blocks-form-field kb-submit-field kb-field-desk-width-100\"><button class=\"kb-forms-submit button kb-button-size-standard kb-button-width-full\">SKICKA<\/button><\/div><\/form><\/div>\n<noscript><div class=\"kadence-blocks-form-message kadence-blocks-form-warning\">Please enable JavaScript in your browser to submit the form<\/div><style>.kadence-form-318_897a09-bd .kadence-blocks-form-field.kb-submit-field { display: none; }<\/style><\/noscript><\/div><\/div>\n\n<\/div><\/div>","protected":false},"excerpt":{"rendered":"<p>Kontakt Har ni fr\u00e5gor om beredskap, CER-krav eller hur ett l\u00e5ngsiktigt arbete kan se ut i praktiken? Ni \u00e4r v\u00e4lkomna att h\u00f6ra av er \u2013 oavsett om ni \u00e4r i ett tidigt skede eller redan har p\u00e5b\u00f6rjat ert beredskapsarbete. Ett f\u00f6rsta samtal \u00e4r alltid f\u00f6ruts\u00e4ttningsl\u00f6st. Vi svarar i regeln inom 24 timmar. Allm\u00e4nna fr\u00e5gor info@preppoint.se&#8230;<\/p>\n","protected":false},"author":2,"featured_media":0,"parent":0,"menu_order":0,"comment_status":"closed","ping_status":"closed","template":"","meta":{"_acf_changed":false,"_kad_blocks_custom_css":"","_kad_blocks_head_custom_js":"","_kad_blocks_body_custom_js":"","_kad_blocks_footer_custom_js":"","_kadence_starter_templates_imported_post":false,"_kad_post_transparent":"disable","_kad_post_title":"hide","_kad_post_layout":"fullwidth","_kad_post_sidebar_id":"","_kad_post_content_style":"unboxed","_kad_post_vertical_padding":"","_kad_post_feature":"","_kad_post_feature_position":"","_kad_post_header":false,"_kad_post_footer":false,"_kad_post_classname":"","footnotes":""},"class_list":["post-318","page","type-page","status-publish","hentry"],"acf":[],"taxonomy_info":[],"featured_image_src_large":false,"author_info":{"display_name":"Petter Schanche","author_link":"https:\/\/ppdev.pixelverkstan.se\/author\/petter-schanchepreppoint-se\/"},"comment_info":0,"_links":{"self":[{"href":"https:\/\/ppdev.pixelverkstan.se\/index.php\/wp-json\/wp\/v2\/pages\/318","targetHints":{"allow":["GET"]}}],"collection":[{"href":"https:\/\/ppdev.pixelverkstan.se\/index.php\/wp-json\/wp\/v2\/pages"}],"about":[{"href":"https:\/\/ppdev.pixelverkstan.se\/index.php\/wp-json\/wp\/v2\/types\/page"}],"author":[{"embeddable":true,"href":"https:\/\/ppdev.pixelverkstan.se\/index.php\/wp-json\/wp\/v2\/users\/2"}],"replies":[{"embeddable":true,"href":"https:\/\/ppdev.pixelverkstan.se\/index.php\/wp-json\/wp\/v2\/comments?post=318"}],"version-history":[{"count":11,"href":"https:\/\/ppdev.pixelverkstan.se\/index.php\/wp-json\/wp\/v2\/pages\/318\/revisions"}],"predecessor-version":[{"id":500,"href":"https:\/\/ppdev.pixelverkstan.se\/index.php\/wp-json\/wp\/v2\/pages\/318\/revisions\/500"}],"wp:attachment":[{"href":"https:\/\/ppdev.pixelverkstan.se\/index.php\/wp-json\/wp\/v2\/media?parent=318"}],"curies":[{"name":"wp","href":"https:\/\/api.w.org\/{rel}","templated":true}]}}